{"id":336,"date":"2021-04-23T14:45:20","date_gmt":"2021-04-23T14:45:20","guid":{"rendered":"https:\/\/www.lightxone.de\/?page_id=336"},"modified":"2024-02-10T11:54:24","modified_gmt":"2024-02-10T11:54:24","slug":"xone-einbaukanal","status":"publish","type":"page","link":"https:\/\/www.lightxone.de\/index.php\/xone-einbaukanal\/","title":{"rendered":"XONE LINEARO Einbaukanal\u00a0"},"content":{"rendered":"\t\t<div data-elementor-type=\"wp-page\" data-elementor-id=\"336\" class=\"elementor elementor-336\" data-elementor-post-type=\"page\">\n\t\t\t\t\t\t<section class=\"elementor-section elementor-top-section elementor-element elementor-element-2c9f19e0 elementor-section-full_width elementor-section-height-default elementor-section-height-default\" data-id=\"2c9f19e0\" data-element_type=\"section\">\n\t\t\t\t\t\t<div class=\"elementor-container elementor-column-gap-no\">\n\t\t\t\t\t<div class=\"elementor-column elementor-col-100 elementor-top-column elementor-element elementor-element-65717644\" data-id=\"65717644\" data-element_type=\"column\">\n\t\t\t<div class=\"elementor-widget-wrap elementor-element-populated\">\n\t\t\t\t\t\t<div class=\"elementor-element elementor-element-13aa49d6 elementor-widget elementor-widget-image\" data-id=\"13aa49d6\" data-element_type=\"widget\" data-widget_type=\"image.default\">\n\t\t\t\t<div class=\"elementor-widget-container\">\n\t\t\t\t\t\t\t\t\t\t\t\t\t\t\t<img fetchpriority=\"high\" decoding=\"async\" width=\"800\" height=\"447\" src=\"https:\/\/www.lightxone.de\/wp-content\/uploads\/2022\/02\/Header_Xone_Linearo-1024x572.jpg\" class=\"attachment-large size-large wp-image-1674\" alt=\"\" srcset=\"https:\/\/www.lightxone.de\/wp-content\/uploads\/2022\/02\/Header_Xone_Linearo-1024x572.jpg 1024w, https:\/\/www.lightxone.de\/wp-content\/uploads\/2022\/02\/Header_Xone_Linearo-300x168.jpg 300w, https:\/\/www.lightxone.de\/wp-content\/uploads\/2022\/02\/Header_Xone_Linearo-768x429.jpg 768w, https:\/\/www.lightxone.de\/wp-content\/uploads\/2022\/02\/Header_Xone_Linearo.jpg 1450w\" sizes=\"(max-width: 800px) 100vw, 800px\" \/>\t\t\t\t\t\t\t\t\t\t\t\t\t\t\t<\/div>\n\t\t\t\t<\/div>\n\t\t\t\t\t<\/div>\n\t\t<\/div>\n\t\t\t\t\t<\/div>\n\t\t<\/section>\n\t\t\t\t<section class=\"elementor-section elementor-top-section elementor-element elementor-element-5b403254 elementor-section-height-min-height elementor-section-items-stretch elementor-section-boxed elementor-section-height-default\" data-id=\"5b403254\" data-element_type=\"section\" id=\"uppage\" data-settings=\"{&quot;background_background&quot;:&quot;classic&quot;}\">\n\t\t\t\t\t\t<div class=\"elementor-container elementor-column-gap-default\">\n\t\t\t\t\t<div class=\"elementor-column elementor-col-50 elementor-top-column elementor-element elementor-element-66f643da\" data-id=\"66f643da\" data-element_type=\"column\">\n\t\t\t<div class=\"elementor-widget-wrap elementor-element-populated\">\n\t\t\t\t\t\t<div class=\"elementor-element elementor-element-35ec9894 elementor-widget elementor-widget-heading\" data-id=\"35ec9894\" data-element_type=\"widget\" data-widget_type=\"heading.default\">\n\t\t\t\t<div class=\"elementor-widget-container\">\n\t\t\t\t\t<h2 class=\"elementor-heading-title elementor-size-default\">XONE LINEARO<\/h2>\t\t\t\t<\/div>\n\t\t\t\t<\/div>\n\t\t\t\t<div class=\"elementor-element elementor-element-4cf076e1 elementor-widget elementor-widget-heading\" data-id=\"4cf076e1\" data-element_type=\"widget\" data-widget_type=\"heading.default\">\n\t\t\t\t<div class=\"elementor-widget-container\">\n\t\t\t\t\t<h2 class=\"elementor-heading-title elementor-size-default\">Einbaukanal<\/h2>\t\t\t\t<\/div>\n\t\t\t\t<\/div>\n\t\t\t\t<div class=\"elementor-element elementor-element-15bf7c41 elementor-widget elementor-widget-text-editor\" data-id=\"15bf7c41\" data-element_type=\"widget\" data-widget_type=\"text-editor.default\">\n\t\t\t\t<div class=\"elementor-widget-container\">\n\t\t\t\t\t\t\t\t\t<p class=\"p1\"><span class=\"s1\"><b>XONE Einbaukanal 980 mm <\/b><\/span><\/p><p class=\"p2\"><span class=\"s2\"><b>BEL.0700<\/b><\/span><\/p><p class=\"p1\"><span class=\"s1\"><b>XONE Einbaukanal 1192 mm <\/b><\/span><\/p><p class=\"p2\"><span class=\"s2\"><b>BEL.0800<\/b> <\/span><\/p><ul><li class=\"p4\">Einbaukanal, verl\u00e4ngerbar mit Reihenverbinder<\/li><li class=\"p4\">DALI dimmbar<\/li><li class=\"p4\">Mikro Reflektoren symmetrisch<\/li><li class=\"p4\">4000 Kelvin<\/li><li class=\"p4\">Leuchtengeh\u00e4use Aluminium wei\u00df \u00e4hnlich RAL 9003<\/li><li class=\"p4\">Lochausschnitt 965 x 50 mm (980 mm)<\/li><li class=\"p4\">Lochausschnitt 1175 x 50 mm (1192 mm)<\/li><\/ul>\t\t\t\t\t\t\t\t<\/div>\n\t\t\t\t<\/div>\n\t\t\t\t\t<\/div>\n\t\t<\/div>\n\t\t\t\t<div class=\"elementor-column elementor-col-50 elementor-top-column elementor-element elementor-element-66349420\" data-id=\"66349420\" data-element_type=\"column\">\n\t\t\t<div class=\"elementor-widget-wrap elementor-element-populated\">\n\t\t\t\t\t\t<div class=\"elementor-element elementor-element-4b3c6115 elementor-widget elementor-widget-image\" data-id=\"4b3c6115\" data-element_type=\"widget\" data-widget_type=\"image.default\">\n\t\t\t\t<div class=\"elementor-widget-container\">\n\t\t\t\t\t\t\t\t\t\t\t\t\t\t\t<img decoding=\"async\" width=\"720\" height=\"964\" src=\"https:\/\/www.lightxone.de\/wp-content\/uploads\/2021\/04\/XONE-Einbaukanal.jpg\" class=\"attachment-large size-large wp-image-521\" alt=\"\" srcset=\"https:\/\/www.lightxone.de\/wp-content\/uploads\/2021\/04\/XONE-Einbaukanal.jpg 720w, https:\/\/www.lightxone.de\/wp-content\/uploads\/2021\/04\/XONE-Einbaukanal-224x300.jpg 224w\" sizes=\"(max-width: 720px) 100vw, 720px\" \/>\t\t\t\t\t\t\t\t\t\t\t\t\t\t\t<\/div>\n\t\t\t\t<\/div>\n\t\t\t\t\t<\/div>\n\t\t<\/div>\n\t\t\t\t\t<\/div>\n\t\t<\/section>\n\t\t\t\t<section class=\"elementor-section elementor-top-section elementor-element elementor-element-4c6de70d elementor-section-content-middle elementor-section-boxed elementor-section-height-default elementor-section-height-default\" data-id=\"4c6de70d\" data-element_type=\"section\" data-settings=\"{&quot;background_background&quot;:&quot;classic&quot;}\">\n\t\t\t\t\t\t<div class=\"elementor-container elementor-column-gap-no\">\n\t\t\t\t\t<div class=\"elementor-column elementor-col-100 elementor-top-column elementor-element elementor-element-2fbfa1ac\" data-id=\"2fbfa1ac\" data-element_type=\"column\">\n\t\t\t<div class=\"elementor-widget-wrap elementor-element-populated\">\n\t\t\t\t\t\t<div class=\"elementor-element elementor-element-6e138c7e elementor-widget elementor-widget-heading\" data-id=\"6e138c7e\" data-element_type=\"widget\" data-widget_type=\"heading.default\">\n\t\t\t\t<div class=\"elementor-widget-container\">\n\t\t\t\t\t<h4 class=\"elementor-heading-title elementor-size-default\">The spirit of light<\/h4>\t\t\t\t<\/div>\n\t\t\t\t<\/div>\n\t\t\t\t<section class=\"elementor-section elementor-inner-section elementor-element elementor-element-b9538e2 elementor-section-content-middle elementor-section-boxed elementor-section-height-default elementor-section-height-default\" data-id=\"b9538e2\" data-element_type=\"section\">\n\t\t\t\t\t\t<div class=\"elementor-container elementor-column-gap-wide\">\n\t\t\t\t\t<div class=\"elementor-column elementor-col-50 elementor-inner-column elementor-element elementor-element-c585ff2\" data-id=\"c585ff2\" data-element_type=\"column\">\n\t\t\t<div class=\"elementor-widget-wrap elementor-element-populated\">\n\t\t\t\t\t\t<div class=\"elementor-element elementor-element-64be4757 elementor-position-top elementor-widget elementor-widget-image-box\" data-id=\"64be4757\" data-element_type=\"widget\" data-widget_type=\"image-box.default\">\n\t\t\t\t<div class=\"elementor-widget-container\">\n\t\t\t\t\t<div class=\"elementor-image-box-wrapper\"><figure class=\"elementor-image-box-img\"><img decoding=\"async\" width=\"595\" height=\"893\" src=\"https:\/\/www.lightxone.de\/wp-content\/uploads\/2021\/04\/XONE-Einbaukanal-Produkt.jpg\" class=\"attachment-full size-full wp-image-525\" alt=\"\" srcset=\"https:\/\/www.lightxone.de\/wp-content\/uploads\/2021\/04\/XONE-Einbaukanal-Produkt.jpg 595w, https:\/\/www.lightxone.de\/wp-content\/uploads\/2021\/04\/XONE-Einbaukanal-Produkt-200x300.jpg 200w\" sizes=\"(max-width: 595px) 100vw, 595px\" \/><\/figure><div class=\"elementor-image-box-content\"><p class=\"elementor-image-box-description\">XONE Linearo einbaukanal<\/p><\/div><\/div>\t\t\t\t<\/div>\n\t\t\t\t<\/div>\n\t\t\t\t\t<\/div>\n\t\t<\/div>\n\t\t\t\t<div class=\"elementor-column elementor-col-50 elementor-inner-column elementor-element elementor-element-65670822\" data-id=\"65670822\" data-element_type=\"column\">\n\t\t\t<div class=\"elementor-widget-wrap elementor-element-populated\">\n\t\t\t\t\t\t<div class=\"elementor-element elementor-element-c63dfe6 elementor-position-top elementor-widget elementor-widget-image-box\" data-id=\"c63dfe6\" data-element_type=\"widget\" data-widget_type=\"image-box.default\">\n\t\t\t\t<div class=\"elementor-widget-container\">\n\t\t\t\t\t<div class=\"elementor-image-box-wrapper\"><figure class=\"elementor-image-box-img\"><img loading=\"lazy\" decoding=\"async\" width=\"800\" height=\"800\" src=\"https:\/\/www.lightxone.de\/wp-content\/uploads\/2021\/08\/Uslar-quadrat.jpg\" class=\"attachment-full size-full wp-image-1199\" alt=\"\" srcset=\"https:\/\/www.lightxone.de\/wp-content\/uploads\/2021\/08\/Uslar-quadrat.jpg 800w, https:\/\/www.lightxone.de\/wp-content\/uploads\/2021\/08\/Uslar-quadrat-300x300.jpg 300w, https:\/\/www.lightxone.de\/wp-content\/uploads\/2021\/08\/Uslar-quadrat-150x150.jpg 150w, https:\/\/www.lightxone.de\/wp-content\/uploads\/2021\/08\/Uslar-quadrat-768x768.jpg 768w\" sizes=\"(max-width: 800px) 100vw, 800px\" \/><\/figure><\/div>\t\t\t\t<\/div>\n\t\t\t\t<\/div>\n\t\t\t\t\t<\/div>\n\t\t<\/div>\n\t\t\t\t\t<\/div>\n\t\t<\/section>\n\t\t\t\t<section class=\"elementor-section elementor-inner-section elementor-element elementor-element-5ab7d980 elementor-section-content-middle elementor-section-boxed elementor-section-height-default elementor-section-height-default\" data-id=\"5ab7d980\" data-element_type=\"section\">\n\t\t\t\t\t\t<div class=\"elementor-container elementor-column-gap-wide\">\n\t\t\t\t\t<div class=\"elementor-column elementor-col-50 elementor-inner-column elementor-element elementor-element-3b49092d\" data-id=\"3b49092d\" data-element_type=\"column\">\n\t\t\t<div class=\"elementor-widget-wrap elementor-element-populated\">\n\t\t\t\t\t\t<div class=\"elementor-element elementor-element-c1f8dbb elementor-position-top elementor-widget elementor-widget-image-box\" data-id=\"c1f8dbb\" data-element_type=\"widget\" data-widget_type=\"image-box.default\">\n\t\t\t\t<div class=\"elementor-widget-container\">\n\t\t\t\t\t<div class=\"elementor-image-box-wrapper\"><figure class=\"elementor-image-box-img\"><img loading=\"lazy\" decoding=\"async\" width=\"893\" height=\"595\" src=\"https:\/\/www.lightxone.de\/wp-content\/uploads\/2021\/04\/XONE-Einbaukanal-Detail.jpg\" class=\"attachment-full size-full wp-image-536\" alt=\"\" srcset=\"https:\/\/www.lightxone.de\/wp-content\/uploads\/2021\/04\/XONE-Einbaukanal-Detail.jpg 893w, https:\/\/www.lightxone.de\/wp-content\/uploads\/2021\/04\/XONE-Einbaukanal-Detail-300x200.jpg 300w, https:\/\/www.lightxone.de\/wp-content\/uploads\/2021\/04\/XONE-Einbaukanal-Detail-768x512.jpg 768w\" sizes=\"(max-width: 893px) 100vw, 893px\" \/><\/figure><div class=\"elementor-image-box-content\"><p class=\"elementor-image-box-description\">Mikro Reflektoren symmetrisch<\/p><\/div><\/div>\t\t\t\t<\/div>\n\t\t\t\t<\/div>\n\t\t\t\t\t<\/div>\n\t\t<\/div>\n\t\t\t\t<div class=\"elementor-column elementor-col-50 elementor-inner-column elementor-element elementor-element-555261e4\" data-id=\"555261e4\" data-element_type=\"column\">\n\t\t\t<div class=\"elementor-widget-wrap elementor-element-populated\">\n\t\t\t\t\t\t<div class=\"elementor-element elementor-element-497ea250 elementor-position-top elementor-widget elementor-widget-image-box\" data-id=\"497ea250\" data-element_type=\"widget\" data-widget_type=\"image-box.default\">\n\t\t\t\t<div class=\"elementor-widget-container\">\n\t\t\t\t\t<div class=\"elementor-image-box-wrapper\"><figure class=\"elementor-image-box-img\"><img loading=\"lazy\" decoding=\"async\" width=\"595\" height=\"893\" src=\"https:\/\/www.lightxone.de\/wp-content\/uploads\/2021\/04\/XONE-Einbaukanal-Reflektoren.jpg\" class=\"attachment-full size-full wp-image-538\" alt=\"\" srcset=\"https:\/\/www.lightxone.de\/wp-content\/uploads\/2021\/04\/XONE-Einbaukanal-Reflektoren.jpg 595w, https:\/\/www.lightxone.de\/wp-content\/uploads\/2021\/04\/XONE-Einbaukanal-Reflektoren-200x300.jpg 200w\" sizes=\"(max-width: 595px) 100vw, 595px\" \/><\/figure><div class=\"elementor-image-box-content\"><p class=\"elementor-image-box-description\">Einbaukanal, verl\u00e4ngerbar mit Reihenverbinder<\/p><\/div><\/div>\t\t\t\t<\/div>\n\t\t\t\t<\/div>\n\t\t\t\t\t<\/div>\n\t\t<\/div>\n\t\t\t\t\t<\/div>\n\t\t<\/section>\n\t\t\t\t\t<\/div>\n\t\t<\/div>\n\t\t\t\t\t<\/div>\n\t\t<\/section>\n\t\t\t\t<\/div>\n\t\t","protected":false},"excerpt":{"rendered":"<p>XONE LINEARO Einbaukanal XONE Einbaukanal 980 mm BEL.0700 XONE Einbaukanal 1192 mm BEL.0800 Einbaukanal, verl\u00e4ngerbar mit Reihenverbinder DALI dimmbar Mikro Reflektoren symmetrisch 4000 Kelvin Leuchtengeh\u00e4use Aluminium wei\u00df \u00e4hnlich RAL 9003 Lochausschnitt 965 x 50 mm (980 mm) Lochausschnitt 1175 x 50 mm (1192 mm) The spirit of light XONE Linearo einbaukanal Mikro Reflektoren symmetrisch Einbaukanal, [&hellip;]<\/p>\n","protected":false},"author":1,"featured_media":0,"parent":0,"menu_order":0,"comment_status":"closed","ping_status":"closed","template":"elementor_header_footer","meta":{"footnotes":""},"class_list":["post-336","page","type-page","status-publish","hentry"],"_links":{"self":[{"href":"https:\/\/www.lightxone.de\/index.php\/wp-json\/wp\/v2\/pages\/336","targetHints":{"allow":["GET"]}}],"collection":[{"href":"https:\/\/www.lightxone.de\/index.php\/wp-json\/wp\/v2\/pages"}],"about":[{"href":"https:\/\/www.lightxone.de\/index.php\/wp-json\/wp\/v2\/types\/page"}],"author":[{"embeddable":true,"href":"https:\/\/www.lightxone.de\/index.php\/wp-json\/wp\/v2\/users\/1"}],"replies":[{"embeddable":true,"href":"https:\/\/www.lightxone.de\/index.php\/wp-json\/wp\/v2\/comments?post=336"}],"version-history":[{"count":58,"href":"https:\/\/www.lightxone.de\/index.php\/wp-json\/wp\/v2\/pages\/336\/revisions"}],"predecessor-version":[{"id":2157,"href":"https:\/\/www.lightxone.de\/index.php\/wp-json\/wp\/v2\/pages\/336\/revisions\/2157"}],"wp:attachment":[{"href":"https:\/\/www.lightxone.de\/index.php\/wp-json\/wp\/v2\/media?parent=336"}],"curies":[{"name":"wp","href":"https:\/\/api.w.org\/{rel}","templated":true}]}}