{"id":325,"date":"2021-04-23T14:43:14","date_gmt":"2021-04-23T14:43:14","guid":{"rendered":"https:\/\/www.lightxone.de\/?page_id=325"},"modified":"2024-02-10T11:47:22","modified_gmt":"2024-02-10T11:47:22","slug":"xone-pendel-deckenleuchte","status":"publish","type":"page","link":"https:\/\/www.lightxone.de\/index.php\/xone-pendel-deckenleuchte\/","title":{"rendered":"XONE TERAMO Pendel- und Deckenleuchte\u00a0"},"content":{"rendered":"\t\t<div data-elementor-type=\"wp-page\" data-elementor-id=\"325\" class=\"elementor elementor-325\" data-elementor-post-type=\"page\">\n\t\t\t\t\t\t<section class=\"elementor-section elementor-top-section elementor-element elementor-element-5d8dc1b4 elementor-section-full_width elementor-section-height-default elementor-section-height-default\" data-id=\"5d8dc1b4\" data-element_type=\"section\" data-settings=\"{&quot;background_background&quot;:&quot;video&quot;,&quot;background_video_link&quot;:&quot;https:\\\/\\\/www.youtube.com\\\/watch?v=wT_sz7HgOHw&quot;,&quot;background_video_start&quot;:1}\">\n\t\t\t\t\t\t\t\t<div class=\"elementor-background-video-container elementor-hidden-mobile\" aria-hidden=\"true\">\n\t\t\t\t\t\t\t\t\t\t\t\t\t<div class=\"elementor-background-video-embed\"><\/div>\n\t\t\t\t\t\t\t\t\t\t\t\t<\/div>\n\t\t\t\t\t\t\t\t<div class=\"elementor-container elementor-column-gap-no\">\n\t\t\t\t\t<div class=\"elementor-column elementor-col-100 elementor-top-column elementor-element elementor-element-10512787\" data-id=\"10512787\" data-element_type=\"column\">\n\t\t\t<div class=\"elementor-widget-wrap\">\n\t\t\t\t\t\t\t<\/div>\n\t\t<\/div>\n\t\t\t\t\t<\/div>\n\t\t<\/section>\n\t\t\t\t<section class=\"elementor-section elementor-top-section elementor-element elementor-element-4331b9e9 elementor-section-height-min-height elementor-section-items-stretch elementor-section-boxed elementor-section-height-default\" data-id=\"4331b9e9\" data-element_type=\"section\" id=\"uppage\" data-settings=\"{&quot;background_background&quot;:&quot;classic&quot;}\">\n\t\t\t\t\t\t<div class=\"elementor-container elementor-column-gap-default\">\n\t\t\t\t\t<div class=\"elementor-column elementor-col-50 elementor-top-column elementor-element elementor-element-db0e55b\" data-id=\"db0e55b\" data-element_type=\"column\">\n\t\t\t<div class=\"elementor-widget-wrap elementor-element-populated\">\n\t\t\t\t\t\t<div class=\"elementor-element elementor-element-5e65d313 elementor-widget elementor-widget-heading\" data-id=\"5e65d313\" data-element_type=\"widget\" data-widget_type=\"heading.default\">\n\t\t\t\t<div class=\"elementor-widget-container\">\n\t\t\t\t\t<h2 class=\"elementor-heading-title elementor-size-default\">XONE  TERAMO<\/h2>\t\t\t\t<\/div>\n\t\t\t\t<\/div>\n\t\t\t\t<div class=\"elementor-element elementor-element-12818ecc elementor-widget elementor-widget-heading\" data-id=\"12818ecc\" data-element_type=\"widget\" data-widget_type=\"heading.default\">\n\t\t\t\t<div class=\"elementor-widget-container\">\n\t\t\t\t\t<h2 class=\"elementor-heading-title elementor-size-default\">pendel- &amp; deckenleuchte<\/h2>\t\t\t\t<\/div>\n\t\t\t\t<\/div>\n\t\t\t\t<div class=\"elementor-element elementor-element-54abfd9b elementor-widget elementor-widget-text-editor\" data-id=\"54abfd9b\" data-element_type=\"widget\" data-widget_type=\"text-editor.default\">\n\t\t\t\t<div class=\"elementor-widget-container\">\n\t\t\t\t\t\t\t\t\t<p class=\"p2\">XONE Pendel- und Deckenleuchte 60 cm \u00f8<\/p><p class=\"p2\"><strong>BEL.1200<\/strong><\/p><p class=\"p2\">XONE Pendel- und Deckenleuchte 90 cm \u00f8<\/p><p class=\"p2\"><strong>BEL.1300<\/strong><\/p><ul><li>Pendel- und Deckenleuchte direkt \/ indirekt strahlend<\/li><li>DALI dimmbar<\/li><li>als Pendel- und Deckenleuchte universell einsetzbar<\/li><li>inkl. Stahlseilen zur Abh\u00e4ngung<\/li><li>Mikroprismenabdeckung<\/li><li>4000 Kelvin<\/li><li>Leuchtengeh\u00e4use Aluminium silbergrau \u00e4hnlich RAL 9006<\/li><\/ul>\t\t\t\t\t\t\t\t<\/div>\n\t\t\t\t<\/div>\n\t\t\t\t\t<\/div>\n\t\t<\/div>\n\t\t\t\t<div class=\"elementor-column elementor-col-50 elementor-top-column elementor-element elementor-element-46f725cd\" data-id=\"46f725cd\" data-element_type=\"column\">\n\t\t\t<div class=\"elementor-widget-wrap elementor-element-populated\">\n\t\t\t\t\t\t<div class=\"elementor-element elementor-element-23c48a99 elementor-widget elementor-widget-image\" data-id=\"23c48a99\" data-element_type=\"widget\" data-widget_type=\"image.default\">\n\t\t\t\t<div class=\"elementor-widget-container\">\n\t\t\t\t\t\t\t\t\t\t\t\t\t\t\t<img fetchpriority=\"high\" decoding=\"async\" width=\"720\" height=\"964\" src=\"https:\/\/www.lightxone.de\/wp-content\/uploads\/2021\/04\/XONE-Pendelleuchte.jpg\" class=\"attachment-large size-large wp-image-436\" alt=\"\" srcset=\"https:\/\/www.lightxone.de\/wp-content\/uploads\/2021\/04\/XONE-Pendelleuchte.jpg 720w, https:\/\/www.lightxone.de\/wp-content\/uploads\/2021\/04\/XONE-Pendelleuchte-224x300.jpg 224w\" sizes=\"(max-width: 720px) 100vw, 720px\" \/>\t\t\t\t\t\t\t\t\t\t\t\t\t\t\t<\/div>\n\t\t\t\t<\/div>\n\t\t\t\t\t<\/div>\n\t\t<\/div>\n\t\t\t\t\t<\/div>\n\t\t<\/section>\n\t\t\t\t<section class=\"elementor-section elementor-top-section elementor-element elementor-element-45f1b16c elementor-section-content-middle elementor-section-boxed elementor-section-height-default elementor-section-height-default\" data-id=\"45f1b16c\" data-element_type=\"section\" data-settings=\"{&quot;background_background&quot;:&quot;classic&quot;}\">\n\t\t\t\t\t\t<div class=\"elementor-container elementor-column-gap-no\">\n\t\t\t\t\t<div class=\"elementor-column elementor-col-100 elementor-top-column elementor-element elementor-element-113baed0\" data-id=\"113baed0\" data-element_type=\"column\">\n\t\t\t<div class=\"elementor-widget-wrap elementor-element-populated\">\n\t\t\t\t\t\t<div class=\"elementor-element elementor-element-6f710708 elementor-widget elementor-widget-heading\" data-id=\"6f710708\" data-element_type=\"widget\" data-widget_type=\"heading.default\">\n\t\t\t\t<div class=\"elementor-widget-container\">\n\t\t\t\t\t<h4 class=\"elementor-heading-title elementor-size-default\">Luna l\u00e4sst gr\u00fc\u00dfen<\/h4>\t\t\t\t<\/div>\n\t\t\t\t<\/div>\n\t\t\t\t<section class=\"elementor-section elementor-inner-section elementor-element elementor-element-23c8e31d elementor-section-content-middle elementor-section-boxed elementor-section-height-default elementor-section-height-default\" data-id=\"23c8e31d\" data-element_type=\"section\">\n\t\t\t\t\t\t<div class=\"elementor-container elementor-column-gap-wide\">\n\t\t\t\t\t<div class=\"elementor-column elementor-col-50 elementor-inner-column elementor-element elementor-element-2e9b10ca\" data-id=\"2e9b10ca\" data-element_type=\"column\">\n\t\t\t<div class=\"elementor-widget-wrap elementor-element-populated\">\n\t\t\t\t\t\t<div class=\"elementor-element elementor-element-3be7d153 elementor-position-top elementor-widget elementor-widget-image-box\" data-id=\"3be7d153\" data-element_type=\"widget\" data-widget_type=\"image-box.default\">\n\t\t\t\t<div class=\"elementor-widget-container\">\n\t\t\t\t\t<div class=\"elementor-image-box-wrapper\"><figure class=\"elementor-image-box-img\"><img decoding=\"async\" width=\"595\" height=\"893\" src=\"https:\/\/www.lightxone.de\/wp-content\/uploads\/2021\/04\/XONE-Pendelleuchte-Produkt.jpg\" class=\"attachment-full size-full wp-image-480\" alt=\"\" srcset=\"https:\/\/www.lightxone.de\/wp-content\/uploads\/2021\/04\/XONE-Pendelleuchte-Produkt.jpg 595w, https:\/\/www.lightxone.de\/wp-content\/uploads\/2021\/04\/XONE-Pendelleuchte-Produkt-200x300.jpg 200w\" sizes=\"(max-width: 595px) 100vw, 595px\" \/><\/figure><div class=\"elementor-image-box-content\"><p class=\"elementor-image-box-description\">XONE Teramo Deckenleuchte<\/p><\/div><\/div>\t\t\t\t<\/div>\n\t\t\t\t<\/div>\n\t\t\t\t\t<\/div>\n\t\t<\/div>\n\t\t\t\t<div class=\"elementor-column elementor-col-50 elementor-inner-column elementor-element elementor-element-76f42de9\" data-id=\"76f42de9\" data-element_type=\"column\">\n\t\t\t<div class=\"elementor-widget-wrap elementor-element-populated\">\n\t\t\t\t\t\t<div class=\"elementor-element elementor-element-cd84390 elementor-position-top elementor-widget elementor-widget-image-box\" data-id=\"cd84390\" data-element_type=\"widget\" data-widget_type=\"image-box.default\">\n\t\t\t\t<div class=\"elementor-widget-container\">\n\t\t\t\t\t<div class=\"elementor-image-box-wrapper\"><figure class=\"elementor-image-box-img\"><img decoding=\"async\" width=\"595\" height=\"554\" src=\"https:\/\/www.lightxone.de\/wp-content\/uploads\/2021\/04\/XONE-Pendelleuchte-Seile.jpg\" class=\"attachment-full size-full wp-image-484\" alt=\"\" srcset=\"https:\/\/www.lightxone.de\/wp-content\/uploads\/2021\/04\/XONE-Pendelleuchte-Seile.jpg 595w, https:\/\/www.lightxone.de\/wp-content\/uploads\/2021\/04\/XONE-Pendelleuchte-Seile-300x279.jpg 300w\" sizes=\"(max-width: 595px) 100vw, 595px\" \/><\/figure><div class=\"elementor-image-box-content\"><p class=\"elementor-image-box-description\">Pendelleuchte mit Seilaufh\u00e4ngung<\/p><\/div><\/div>\t\t\t\t<\/div>\n\t\t\t\t<\/div>\n\t\t\t\t\t<\/div>\n\t\t<\/div>\n\t\t\t\t\t<\/div>\n\t\t<\/section>\n\t\t\t\t<section class=\"elementor-section elementor-inner-section elementor-element elementor-element-c4a74fc elementor-section-content-middle elementor-section-boxed elementor-section-height-default elementor-section-height-default\" data-id=\"c4a74fc\" data-element_type=\"section\">\n\t\t\t\t\t\t<div class=\"elementor-container elementor-column-gap-no\">\n\t\t\t\t\t<div class=\"elementor-column elementor-col-50 elementor-inner-column elementor-element elementor-element-40bfa00f\" data-id=\"40bfa00f\" data-element_type=\"column\">\n\t\t\t<div class=\"elementor-widget-wrap elementor-element-populated\">\n\t\t\t\t\t\t<div class=\"elementor-element elementor-element-2d90f649 elementor-position-top elementor-widget elementor-widget-image-box\" data-id=\"2d90f649\" data-element_type=\"widget\" data-widget_type=\"image-box.default\">\n\t\t\t\t<div class=\"elementor-widget-container\">\n\t\t\t\t\t<div class=\"elementor-image-box-wrapper\"><figure class=\"elementor-image-box-img\"><img loading=\"lazy\" decoding=\"async\" width=\"893\" height=\"595\" src=\"https:\/\/www.lightxone.de\/wp-content\/uploads\/2021\/04\/XONE-Deckenleuchte-Ausschnitt.jpg\" class=\"attachment-full size-full wp-image-486\" alt=\"\" srcset=\"https:\/\/www.lightxone.de\/wp-content\/uploads\/2021\/04\/XONE-Deckenleuchte-Ausschnitt.jpg 893w, https:\/\/www.lightxone.de\/wp-content\/uploads\/2021\/04\/XONE-Deckenleuchte-Ausschnitt-300x200.jpg 300w, https:\/\/www.lightxone.de\/wp-content\/uploads\/2021\/04\/XONE-Deckenleuchte-Ausschnitt-768x512.jpg 768w\" sizes=\"(max-width: 893px) 100vw, 893px\" \/><\/figure><div class=\"elementor-image-box-content\"><p class=\"elementor-image-box-description\">Deckenleuchte mit Halterung<\/p><\/div><\/div>\t\t\t\t<\/div>\n\t\t\t\t<\/div>\n\t\t\t\t\t<\/div>\n\t\t<\/div>\n\t\t\t\t<div class=\"elementor-column elementor-col-50 elementor-inner-column elementor-element elementor-element-353d618a\" data-id=\"353d618a\" data-element_type=\"column\">\n\t\t\t<div class=\"elementor-widget-wrap\">\n\t\t\t\t\t\t\t<\/div>\n\t\t<\/div>\n\t\t\t\t\t<\/div>\n\t\t<\/section>\n\t\t\t\t\t<\/div>\n\t\t<\/div>\n\t\t\t\t\t<\/div>\n\t\t<\/section>\n\t\t\t\t<\/div>\n\t\t","protected":false},"excerpt":{"rendered":"<p>XONE TERAMO pendel- &amp; deckenleuchte XONE Pendel- und Deckenleuchte 60 cm \u00f8 BEL.1200 XONE Pendel- und Deckenleuchte 90 cm \u00f8 BEL.1300 Pendel- und Deckenleuchte direkt \/ indirekt strahlend DALI dimmbar als Pendel- und Deckenleuchte universell einsetzbar inkl. Stahlseilen zur Abh\u00e4ngung Mikroprismenabdeckung 4000 Kelvin Leuchtengeh\u00e4use Aluminium silbergrau \u00e4hnlich RAL 9006 Luna l\u00e4sst gr\u00fc\u00dfen XONE Teramo Deckenleuchte [&hellip;]<\/p>\n","protected":false},"author":1,"featured_media":0,"parent":0,"menu_order":0,"comment_status":"closed","ping_status":"closed","template":"elementor_header_footer","meta":{"footnotes":""},"class_list":["post-325","page","type-page","status-publish","hentry"],"_links":{"self":[{"href":"https:\/\/www.lightxone.de\/index.php\/wp-json\/wp\/v2\/pages\/325","targetHints":{"allow":["GET"]}}],"collection":[{"href":"https:\/\/www.lightxone.de\/index.php\/wp-json\/wp\/v2\/pages"}],"about":[{"href":"https:\/\/www.lightxone.de\/index.php\/wp-json\/wp\/v2\/types\/page"}],"author":[{"embeddable":true,"href":"https:\/\/www.lightxone.de\/index.php\/wp-json\/wp\/v2\/users\/1"}],"replies":[{"embeddable":true,"href":"https:\/\/www.lightxone.de\/index.php\/wp-json\/wp\/v2\/comments?post=325"}],"version-history":[{"count":60,"href":"https:\/\/www.lightxone.de\/index.php\/wp-json\/wp\/v2\/pages\/325\/revisions"}],"predecessor-version":[{"id":2155,"href":"https:\/\/www.lightxone.de\/index.php\/wp-json\/wp\/v2\/pages\/325\/revisions\/2155"}],"wp:attachment":[{"href":"https:\/\/www.lightxone.de\/index.php\/wp-json\/wp\/v2\/media?parent=325"}],"curies":[{"name":"wp","href":"https:\/\/api.w.org\/{rel}","templated":true}]}}