{"id":297,"date":"2021-04-23T14:38:43","date_gmt":"2021-04-23T14:38:43","guid":{"rendered":"https:\/\/www.lightxone.de\/?page_id=297"},"modified":"2024-02-13T15:30:56","modified_gmt":"2024-02-13T15:30:56","slug":"xone-4","status":"publish","type":"page","link":"https:\/\/www.lightxone.de\/index.php\/xone-4\/","title":{"rendered":"XONE LINEARO Pendelleuchte"},"content":{"rendered":"\t\t<div data-elementor-type=\"wp-page\" data-elementor-id=\"297\" class=\"elementor elementor-297\" data-elementor-post-type=\"page\">\n\t\t\t\t\t\t<section class=\"elementor-section elementor-top-section elementor-element elementor-element-6657a229 elementor-section-full_width elementor-section-height-default elementor-section-height-default\" data-id=\"6657a229\" data-element_type=\"section\">\n\t\t\t\t\t\t<div class=\"elementor-container elementor-column-gap-no\">\n\t\t\t\t\t<div class=\"elementor-column elementor-col-100 elementor-top-column elementor-element elementor-element-4fe20902\" data-id=\"4fe20902\" data-element_type=\"column\">\n\t\t\t<div class=\"elementor-widget-wrap elementor-element-populated\">\n\t\t\t\t\t\t<div class=\"elementor-element elementor-element-ef9ef87 elementor-widget elementor-widget-image\" data-id=\"ef9ef87\" data-element_type=\"widget\" data-widget_type=\"image.default\">\n\t\t\t\t<div class=\"elementor-widget-container\">\n\t\t\t\t\t\t\t\t\t\t\t\t\t\t\t<img fetchpriority=\"high\" decoding=\"async\" width=\"800\" height=\"447\" src=\"https:\/\/www.lightxone.de\/wp-content\/uploads\/2023\/02\/Header-Xone-Linearo-Pendelleuchte-1024x572.jpg\" class=\"attachment-large size-large wp-image-1893\" alt=\"\" srcset=\"https:\/\/www.lightxone.de\/wp-content\/uploads\/2023\/02\/Header-Xone-Linearo-Pendelleuchte-1024x572.jpg 1024w, https:\/\/www.lightxone.de\/wp-content\/uploads\/2023\/02\/Header-Xone-Linearo-Pendelleuchte-300x168.jpg 300w, https:\/\/www.lightxone.de\/wp-content\/uploads\/2023\/02\/Header-Xone-Linearo-Pendelleuchte-768x429.jpg 768w, https:\/\/www.lightxone.de\/wp-content\/uploads\/2023\/02\/Header-Xone-Linearo-Pendelleuchte.jpg 1450w\" sizes=\"(max-width: 800px) 100vw, 800px\" \/>\t\t\t\t\t\t\t\t\t\t\t\t\t\t\t<\/div>\n\t\t\t\t<\/div>\n\t\t\t\t\t<\/div>\n\t\t<\/div>\n\t\t\t\t\t<\/div>\n\t\t<\/section>\n\t\t\t\t<section class=\"elementor-section elementor-top-section elementor-element elementor-element-453b761b elementor-section-height-min-height elementor-section-items-stretch elementor-section-boxed elementor-section-height-default\" data-id=\"453b761b\" data-element_type=\"section\" id=\"uppage\" data-settings=\"{&quot;background_background&quot;:&quot;classic&quot;}\">\n\t\t\t\t\t\t<div class=\"elementor-container elementor-column-gap-default\">\n\t\t\t\t\t<div class=\"elementor-column elementor-col-50 elementor-top-column elementor-element elementor-element-25445252\" data-id=\"25445252\" data-element_type=\"column\">\n\t\t\t<div class=\"elementor-widget-wrap elementor-element-populated\">\n\t\t\t\t\t\t<div class=\"elementor-element elementor-element-62ac2798 elementor-widget elementor-widget-heading\" data-id=\"62ac2798\" data-element_type=\"widget\" data-widget_type=\"heading.default\">\n\t\t\t\t<div class=\"elementor-widget-container\">\n\t\t\t\t\t<h2 class=\"elementor-heading-title elementor-size-default\">XONE LINEARO<\/h2>\t\t\t\t<\/div>\n\t\t\t\t<\/div>\n\t\t\t\t<div class=\"elementor-element elementor-element-5a846cdd elementor-widget elementor-widget-heading\" data-id=\"5a846cdd\" data-element_type=\"widget\" data-widget_type=\"heading.default\">\n\t\t\t\t<div class=\"elementor-widget-container\">\n\t\t\t\t\t<h2 class=\"elementor-heading-title elementor-size-default\">Pendelleuchte<\/h2>\t\t\t\t<\/div>\n\t\t\t\t<\/div>\n\t\t\t\t<div class=\"elementor-element elementor-element-41d5b2fd elementor-widget elementor-widget-heading\" data-id=\"41d5b2fd\" data-element_type=\"widget\" data-widget_type=\"heading.default\">\n\t\t\t\t<div class=\"elementor-widget-container\">\n\t\t\t\t\t<h2 class=\"elementor-heading-title elementor-size-default\">Artikel-Nr. BEL.1500\n\n<\/h2>\t\t\t\t<\/div>\n\t\t\t\t<\/div>\n\t\t\t\t<div class=\"elementor-element elementor-element-284cc98 elementor-widget elementor-widget-heading\" data-id=\"284cc98\" data-element_type=\"widget\" data-widget_type=\"heading.default\">\n\t\t\t\t<div class=\"elementor-widget-container\">\n\t\t\t\t\t<h2 class=\"elementor-heading-title elementor-size-default\">BEL.1500 schwarz, \u00e4hnlich RAL 7021\n\n<\/h2>\t\t\t\t<\/div>\n\t\t\t\t<\/div>\n\t\t\t\t<div class=\"elementor-element elementor-element-0484e4d elementor-widget elementor-widget-heading\" data-id=\"0484e4d\" data-element_type=\"widget\" data-widget_type=\"heading.default\">\n\t\t\t\t<div class=\"elementor-widget-container\">\n\t\t\t\t\t<h2 class=\"elementor-heading-title elementor-size-default\">Artikel-Nr. BEL.1501\n\n<\/h2>\t\t\t\t<\/div>\n\t\t\t\t<\/div>\n\t\t\t\t<div class=\"elementor-element elementor-element-b4a405f elementor-widget elementor-widget-heading\" data-id=\"b4a405f\" data-element_type=\"widget\" data-widget_type=\"heading.default\">\n\t\t\t\t<div class=\"elementor-widget-container\">\n\t\t\t\t\t<h2 class=\"elementor-heading-title elementor-size-default\">wei\u00df, \u00e4hnlich RAL 9016\n\n<\/h2>\t\t\t\t<\/div>\n\t\t\t\t<\/div>\n\t\t\t\t<div class=\"elementor-element elementor-element-258c987d elementor-widget elementor-widget-text-editor\" data-id=\"258c987d\" data-element_type=\"widget\" data-widget_type=\"text-editor.default\">\n\t\t\t\t<div class=\"elementor-widget-container\">\n\t\t\t\t\t\t\t\t\t<ul><li>Elegantes Erscheinungsbild, schlanke Pendelleuchte aus Aluminiumdruckguss, pulverbeschichtet<\/li><li>Stufenlos dimmbar<\/li><li>Optional DALI dimmbar Direkt &#8211; und indirekt strahlend<\/li><li>Farbtemperatur (4000K &#8211; neutralwei\u00df)<\/li><li>Verl\u00e4ngerbar mit Reihenverbindern<\/li><li>Stahlseilaufh\u00e4ngung mit stufenloserH\u00f6henverstellung bis 170 cm<\/li><\/ul>\t\t\t\t\t\t\t\t<\/div>\n\t\t\t\t<\/div>\n\t\t\t\t\t<\/div>\n\t\t<\/div>\n\t\t\t\t<div class=\"elementor-column elementor-col-50 elementor-top-column elementor-element elementor-element-2ac46b0f\" data-id=\"2ac46b0f\" data-element_type=\"column\">\n\t\t\t<div class=\"elementor-widget-wrap elementor-element-populated\">\n\t\t\t\t\t\t<div class=\"elementor-element elementor-element-60976569 elementor-widget elementor-widget-image\" data-id=\"60976569\" data-element_type=\"widget\" data-widget_type=\"image.default\">\n\t\t\t\t<div class=\"elementor-widget-container\">\n\t\t\t\t\t\t\t\t\t\t\t\t\t\t\t<img decoding=\"async\" width=\"720\" height=\"964\" src=\"https:\/\/www.lightxone.de\/wp-content\/uploads\/2023\/02\/Linearor-Pendelleuchte.jpg\" class=\"attachment-large size-large wp-image-1889\" alt=\"\" srcset=\"https:\/\/www.lightxone.de\/wp-content\/uploads\/2023\/02\/Linearor-Pendelleuchte.jpg 720w, https:\/\/www.lightxone.de\/wp-content\/uploads\/2023\/02\/Linearor-Pendelleuchte-224x300.jpg 224w\" sizes=\"(max-width: 720px) 100vw, 720px\" \/>\t\t\t\t\t\t\t\t\t\t\t\t\t\t\t<\/div>\n\t\t\t\t<\/div>\n\t\t\t\t\t<\/div>\n\t\t<\/div>\n\t\t\t\t\t<\/div>\n\t\t<\/section>\n\t\t\t\t<section class=\"elementor-section elementor-top-section elementor-element elementor-element-5bd36e8a elementor-section-content-middle elementor-section-boxed elementor-section-height-default elementor-section-height-default\" data-id=\"5bd36e8a\" data-element_type=\"section\" data-settings=\"{&quot;background_background&quot;:&quot;classic&quot;}\">\n\t\t\t\t\t\t<div class=\"elementor-container elementor-column-gap-no\">\n\t\t\t\t\t<div class=\"elementor-column elementor-col-100 elementor-top-column elementor-element elementor-element-3137cff9\" data-id=\"3137cff9\" data-element_type=\"column\">\n\t\t\t<div class=\"elementor-widget-wrap elementor-element-populated\">\n\t\t\t\t\t\t<div class=\"elementor-element elementor-element-457297e0 elementor-widget elementor-widget-heading\" data-id=\"457297e0\" data-element_type=\"widget\" data-widget_type=\"heading.default\">\n\t\t\t\t<div class=\"elementor-widget-container\">\n\t\t\t\t\t<h4 class=\"elementor-heading-title elementor-size-default\">Sieht auch im B\u00fcro gut aus<\/h4>\t\t\t\t<\/div>\n\t\t\t\t<\/div>\n\t\t\t\t<div class=\"elementor-element elementor-element-6ba6c8eb elementor-widget elementor-widget-heading\" data-id=\"6ba6c8eb\" data-element_type=\"widget\" data-widget_type=\"heading.default\">\n\t\t\t\t<div class=\"elementor-widget-container\">\n\t\t\t\t\t<h5 class=\"elementor-heading-title elementor-size-default\">So sch\u00f6n kann Licht sein:<\/h5>\t\t\t\t<\/div>\n\t\t\t\t<\/div>\n\t\t\t\t<section class=\"elementor-section elementor-inner-section elementor-element elementor-element-2e970e3b elementor-section-content-middle elementor-section-boxed elementor-section-height-default elementor-section-height-default\" data-id=\"2e970e3b\" data-element_type=\"section\">\n\t\t\t\t\t\t<div class=\"elementor-container elementor-column-gap-no\">\n\t\t\t\t\t<div class=\"elementor-column elementor-col-50 elementor-inner-column elementor-element elementor-element-3ce44d74\" data-id=\"3ce44d74\" data-element_type=\"column\">\n\t\t\t<div class=\"elementor-widget-wrap elementor-element-populated\">\n\t\t\t\t\t\t<div class=\"elementor-element elementor-element-2fccd9f2 elementor-position-top elementor-widget elementor-widget-image-box\" data-id=\"2fccd9f2\" data-element_type=\"widget\" data-widget_type=\"image-box.default\">\n\t\t\t\t<div class=\"elementor-widget-container\">\n\t\t\t\t\t<div class=\"elementor-image-box-wrapper\"><figure class=\"elementor-image-box-img\"><img decoding=\"async\" width=\"629\" height=\"893\" src=\"https:\/\/www.lightxone.de\/wp-content\/uploads\/2023\/02\/XONE-Linearo-Pendelleuchte.jpg\" class=\"attachment-full size-full wp-image-1897\" alt=\"\" srcset=\"https:\/\/www.lightxone.de\/wp-content\/uploads\/2023\/02\/XONE-Linearo-Pendelleuchte.jpg 629w, https:\/\/www.lightxone.de\/wp-content\/uploads\/2023\/02\/XONE-Linearo-Pendelleuchte-211x300.jpg 211w\" sizes=\"(max-width: 629px) 100vw, 629px\" \/><\/figure><div class=\"elementor-image-box-content\"><p class=\"elementor-image-box-description\">XONE Linearo Pendelleuchte<\/p><\/div><\/div>\t\t\t\t<\/div>\n\t\t\t\t<\/div>\n\t\t\t\t\t<\/div>\n\t\t<\/div>\n\t\t\t\t<div class=\"elementor-column elementor-col-50 elementor-inner-column elementor-element elementor-element-49baab39\" data-id=\"49baab39\" data-element_type=\"column\">\n\t\t\t<div class=\"elementor-widget-wrap elementor-element-populated\">\n\t\t\t\t\t\t<div class=\"elementor-element elementor-element-1b5e8e17 elementor-position-top elementor-widget elementor-widget-image-box\" data-id=\"1b5e8e17\" data-element_type=\"widget\" data-widget_type=\"image-box.default\">\n\t\t\t\t<div class=\"elementor-widget-container\">\n\t\t\t\t\t<div class=\"elementor-image-box-wrapper\"><figure class=\"elementor-image-box-img\"><img loading=\"lazy\" decoding=\"async\" width=\"567\" height=\"378\" src=\"https:\/\/www.lightxone.de\/wp-content\/uploads\/2023\/02\/XONE-Linearo-Verbinder.jpg\" class=\"attachment-full size-full wp-image-1899\" alt=\"\" srcset=\"https:\/\/www.lightxone.de\/wp-content\/uploads\/2023\/02\/XONE-Linearo-Verbinder.jpg 567w, https:\/\/www.lightxone.de\/wp-content\/uploads\/2023\/02\/XONE-Linearo-Verbinder-300x200.jpg 300w\" sizes=\"(max-width: 567px) 100vw, 567px\" \/><\/figure><div class=\"elementor-image-box-content\"><p class=\"elementor-image-box-description\">Reihenverbinder<\/p><\/div><\/div>\t\t\t\t<\/div>\n\t\t\t\t<\/div>\n\t\t\t\t<div class=\"elementor-element elementor-element-23ebe4a elementor-position-top elementor-widget elementor-widget-image-box\" data-id=\"23ebe4a\" data-element_type=\"widget\" data-widget_type=\"image-box.default\">\n\t\t\t\t<div class=\"elementor-widget-container\">\n\t\t\t\t\t<div class=\"elementor-image-box-wrapper\"><figure class=\"elementor-image-box-img\"><img loading=\"lazy\" decoding=\"async\" width=\"567\" height=\"378\" src=\"https:\/\/www.lightxone.de\/wp-content\/uploads\/2023\/02\/XONE-Linearo-Buero-1.jpg\" class=\"attachment-full size-full wp-image-1905\" alt=\"\" srcset=\"https:\/\/www.lightxone.de\/wp-content\/uploads\/2023\/02\/XONE-Linearo-Buero-1.jpg 567w, https:\/\/www.lightxone.de\/wp-content\/uploads\/2023\/02\/XONE-Linearo-Buero-1-300x200.jpg 300w\" sizes=\"(max-width: 567px) 100vw, 567px\" \/><\/figure><\/div>\t\t\t\t<\/div>\n\t\t\t\t<\/div>\n\t\t\t\t\t<\/div>\n\t\t<\/div>\n\t\t\t\t\t<\/div>\n\t\t<\/section>\n\t\t\t\t\t<\/div>\n\t\t<\/div>\n\t\t\t\t\t<\/div>\n\t\t<\/section>\n\t\t\t\t<\/div>\n\t\t","protected":false},"excerpt":{"rendered":"<p>XONE LINEARO Pendelleuchte Artikel-Nr. BEL.1500 BEL.1500 schwarz, \u00e4hnlich RAL 7021 Artikel-Nr. BEL.1501 wei\u00df, \u00e4hnlich RAL 9016 Elegantes Erscheinungsbild, schlanke Pendelleuchte aus Aluminiumdruckguss, pulverbeschichtet Stufenlos dimmbar Optional DALI dimmbar Direkt &#8211; und indirekt strahlend Farbtemperatur (4000K &#8211; neutralwei\u00df) Verl\u00e4ngerbar mit Reihenverbindern Stahlseilaufh\u00e4ngung mit stufenloserH\u00f6henverstellung bis 170 cm Sieht auch im B\u00fcro gut aus So sch\u00f6n kann [&hellip;]<\/p>\n","protected":false},"author":1,"featured_media":0,"parent":0,"menu_order":0,"comment_status":"closed","ping_status":"closed","template":"elementor_header_footer","meta":{"footnotes":""},"class_list":["post-297","page","type-page","status-publish","hentry"],"_links":{"self":[{"href":"https:\/\/www.lightxone.de\/index.php\/wp-json\/wp\/v2\/pages\/297","targetHints":{"allow":["GET"]}}],"collection":[{"href":"https:\/\/www.lightxone.de\/index.php\/wp-json\/wp\/v2\/pages"}],"about":[{"href":"https:\/\/www.lightxone.de\/index.php\/wp-json\/wp\/v2\/types\/page"}],"author":[{"embeddable":true,"href":"https:\/\/www.lightxone.de\/index.php\/wp-json\/wp\/v2\/users\/1"}],"replies":[{"embeddable":true,"href":"https:\/\/www.lightxone.de\/index.php\/wp-json\/wp\/v2\/comments?post=297"}],"version-history":[{"count":83,"href":"https:\/\/www.lightxone.de\/index.php\/wp-json\/wp\/v2\/pages\/297\/revisions"}],"predecessor-version":[{"id":2563,"href":"https:\/\/www.lightxone.de\/index.php\/wp-json\/wp\/v2\/pages\/297\/revisions\/2563"}],"wp:attachment":[{"href":"https:\/\/www.lightxone.de\/index.php\/wp-json\/wp\/v2\/media?parent=297"}],"curies":[{"name":"wp","href":"https:\/\/api.w.org\/{rel}","templated":true}]}}