{"id":2059,"date":"2024-02-04T15:27:32","date_gmt":"2024-02-04T15:27:32","guid":{"rendered":"https:\/\/www.lightxone.de\/?page_id=2059"},"modified":"2024-02-13T15:22:57","modified_gmt":"2024-02-13T15:22:57","slug":"xone-supra-stehleuchte","status":"publish","type":"page","link":"https:\/\/www.lightxone.de\/index.php\/xone-supra-stehleuchte\/","title":{"rendered":"XONE SUPRA Stehleuchte"},"content":{"rendered":"\t\t<div data-elementor-type=\"wp-page\" data-elementor-id=\"2059\" class=\"elementor elementor-2059\" data-elementor-post-type=\"page\">\n\t\t\t\t\t\t<section class=\"elementor-section elementor-top-section elementor-element elementor-element-6f1f9e6 elementor-section-full_width elementor-section-height-default elementor-section-height-default\" data-id=\"6f1f9e6\" data-element_type=\"section\">\n\t\t\t\t\t\t<div class=\"elementor-container elementor-column-gap-no\">\n\t\t\t\t\t<div class=\"elementor-column elementor-col-100 elementor-top-column elementor-element elementor-element-842c2f1\" data-id=\"842c2f1\" data-element_type=\"column\">\n\t\t\t<div class=\"elementor-widget-wrap elementor-element-populated\">\n\t\t\t\t\t\t<div class=\"elementor-element elementor-element-d894bc6 elementor-widget elementor-widget-image\" data-id=\"d894bc6\" data-element_type=\"widget\" data-widget_type=\"image.default\">\n\t\t\t\t<div class=\"elementor-widget-container\">\n\t\t\t\t\t\t\t\t\t\t\t\t\t\t\t<img fetchpriority=\"high\" decoding=\"async\" width=\"800\" height=\"480\" src=\"https:\/\/www.lightxone.de\/wp-content\/uploads\/2024\/02\/Supra-doppelt.jpg\" class=\"attachment-large size-large wp-image-2055\" alt=\"\" srcset=\"https:\/\/www.lightxone.de\/wp-content\/uploads\/2024\/02\/Supra-doppelt.jpg 850w, https:\/\/www.lightxone.de\/wp-content\/uploads\/2024\/02\/Supra-doppelt-300x180.jpg 300w, https:\/\/www.lightxone.de\/wp-content\/uploads\/2024\/02\/Supra-doppelt-768x461.jpg 768w\" sizes=\"(max-width: 800px) 100vw, 800px\" \/>\t\t\t\t\t\t\t\t\t\t\t\t\t\t\t<\/div>\n\t\t\t\t<\/div>\n\t\t\t\t\t<\/div>\n\t\t<\/div>\n\t\t\t\t\t<\/div>\n\t\t<\/section>\n\t\t\t\t<section class=\"elementor-section elementor-top-section elementor-element elementor-element-51ffdd3 elementor-section-height-min-height elementor-section-items-stretch elementor-section-boxed elementor-section-height-default\" data-id=\"51ffdd3\" data-element_type=\"section\" data-settings=\"{&quot;background_background&quot;:&quot;classic&quot;}\">\n\t\t\t\t\t\t<div class=\"elementor-container elementor-column-gap-default\">\n\t\t\t\t\t<div class=\"elementor-column elementor-col-50 elementor-top-column elementor-element elementor-element-41d8f7b\" data-id=\"41d8f7b\" data-element_type=\"column\">\n\t\t\t<div class=\"elementor-widget-wrap elementor-element-populated\">\n\t\t\t\t\t\t<div class=\"elementor-element elementor-element-edaa3df elementor-widget elementor-widget-heading\" data-id=\"edaa3df\" data-element_type=\"widget\" data-widget_type=\"heading.default\">\n\t\t\t\t<div class=\"elementor-widget-container\">\n\t\t\t\t\t<h2 class=\"elementor-heading-title elementor-size-default\">XONE SUPRA<\/h2>\t\t\t\t<\/div>\n\t\t\t\t<\/div>\n\t\t\t\t<div class=\"elementor-element elementor-element-7aaa31a elementor-widget elementor-widget-heading\" data-id=\"7aaa31a\" data-element_type=\"widget\" data-widget_type=\"heading.default\">\n\t\t\t\t<div class=\"elementor-widget-container\">\n\t\t\t\t\t<h2 class=\"elementor-heading-title elementor-size-default\">Stehleuchte<\/h2>\t\t\t\t<\/div>\n\t\t\t\t<\/div>\n\t\t\t\t<div class=\"elementor-element elementor-element-22b4016 elementor-widget elementor-widget-heading\" data-id=\"22b4016\" data-element_type=\"widget\" data-widget_type=\"heading.default\">\n\t\t\t\t<div class=\"elementor-widget-container\">\n\t\t\t\t\t<h2 class=\"elementor-heading-title elementor-size-default\">Artikel-Nr.: BEL.1600\n\n\n<\/h2>\t\t\t\t<\/div>\n\t\t\t\t<\/div>\n\t\t\t\t<div class=\"elementor-element elementor-element-a042c7f elementor-widget__width-initial elementor-widget elementor-widget-heading\" data-id=\"a042c7f\" data-element_type=\"widget\" data-widget_type=\"heading.default\">\n\t\t\t\t<div class=\"elementor-widget-container\">\n\t\t\t\t\t<h2 class=\"elementor-heading-title elementor-size-default\">Leuchtengeh\u00e4use Aluminium schwarz matt \u00e4hnlich RAL 7021\n\n\n<\/h2>\t\t\t\t<\/div>\n\t\t\t\t<\/div>\n\t\t\t\t<div class=\"elementor-element elementor-element-c0b5308 elementor-widget elementor-widget-heading\" data-id=\"c0b5308\" data-element_type=\"widget\" data-widget_type=\"heading.default\">\n\t\t\t\t<div class=\"elementor-widget-container\">\n\t\t\t\t\t<h2 class=\"elementor-heading-title elementor-size-default\">Artikel-Nr.: BEL.1601\n\n\n<\/h2>\t\t\t\t<\/div>\n\t\t\t\t<\/div>\n\t\t\t\t<div class=\"elementor-element elementor-element-8071662 elementor-widget__width-initial elementor-widget elementor-widget-heading\" data-id=\"8071662\" data-element_type=\"widget\" data-widget_type=\"heading.default\">\n\t\t\t\t<div class=\"elementor-widget-container\">\n\t\t\t\t\t<h2 class=\"elementor-heading-title elementor-size-default\">Leuchtengeh\u00e4use Aluminium wei\u00df matt \u00e4hnlich RAL 9016\n\n\n<\/h2>\t\t\t\t<\/div>\n\t\t\t\t<\/div>\n\t\t\t\t<div class=\"elementor-element elementor-element-2cc6e60 elementor-widget elementor-widget-heading\" data-id=\"2cc6e60\" data-element_type=\"widget\" data-widget_type=\"heading.default\">\n\t\t\t\t<div class=\"elementor-widget-container\">\n\t\t\t\t\t<h2 class=\"elementor-heading-title elementor-size-default\">Artikel-Nr.: BEL.1602\n\n\n<\/h2>\t\t\t\t<\/div>\n\t\t\t\t<\/div>\n\t\t\t\t<div class=\"elementor-element elementor-element-37a5c2a elementor-widget__width-initial elementor-widget elementor-widget-heading\" data-id=\"37a5c2a\" data-element_type=\"widget\" data-widget_type=\"heading.default\">\n\t\t\t\t<div class=\"elementor-widget-container\">\n\t\t\t\t\t<h2 class=\"elementor-heading-title elementor-size-default\"> Leuchtengeh\u00e4use Aluminium silbergrau, \u00e4hnlich RAL 9006\n\n\n<\/h2>\t\t\t\t<\/div>\n\t\t\t\t<\/div>\n\t\t\t\t<div class=\"elementor-element elementor-element-954d68c elementor-widget elementor-widget-text-editor\" data-id=\"954d68c\" data-element_type=\"widget\" data-widget_type=\"text-editor.default\">\n\t\t\t\t<div class=\"elementor-widget-container\">\n\t\t\t\t\t\t\t\t\t<ul><li>Funktionale, \u00e4sthetische Stehleuchte aus <br \/>Aluminiumdruckguss, pulverbeschichtet<\/li><\/ul><ul><li>Stufenlos getrennt Schalt- und dimmbar mit 2 Drehkn\u00f6pfen<\/li><li>Direkt &#8211; und indirekt strahlend<\/li><li>Farbtemperatur (4000K &#8211; neutralwei\u00df)<\/li><li><p class=\"p1\">Phillips SMD<\/p><\/li><\/ul>\t\t\t\t\t\t\t\t<\/div>\n\t\t\t\t<\/div>\n\t\t\t\t\t<\/div>\n\t\t<\/div>\n\t\t\t\t<div class=\"elementor-column elementor-col-50 elementor-top-column elementor-element elementor-element-a82abc1\" data-id=\"a82abc1\" data-element_type=\"column\">\n\t\t\t<div class=\"elementor-widget-wrap elementor-element-populated\">\n\t\t\t\t\t\t<div class=\"elementor-element elementor-element-e08f69b elementor-widget elementor-widget-image\" data-id=\"e08f69b\" data-element_type=\"widget\" data-widget_type=\"image.default\">\n\t\t\t\t<div class=\"elementor-widget-container\">\n\t\t\t\t\t\t\t\t\t\t\t\t\t\t\t<img decoding=\"async\" width=\"754\" height=\"1024\" src=\"https:\/\/www.lightxone.de\/wp-content\/uploads\/2024\/02\/Supra-Hoehle-754x1024.jpg\" class=\"attachment-large size-large wp-image-2070\" alt=\"\" srcset=\"https:\/\/www.lightxone.de\/wp-content\/uploads\/2024\/02\/Supra-Hoehle-754x1024.jpg 754w, https:\/\/www.lightxone.de\/wp-content\/uploads\/2024\/02\/Supra-Hoehle-221x300.jpg 221w, https:\/\/www.lightxone.de\/wp-content\/uploads\/2024\/02\/Supra-Hoehle-768x1044.jpg 768w, https:\/\/www.lightxone.de\/wp-content\/uploads\/2024\/02\/Supra-Hoehle.jpg 850w\" sizes=\"(max-width: 754px) 100vw, 754px\" \/>\t\t\t\t\t\t\t\t\t\t\t\t\t\t\t<\/div>\n\t\t\t\t<\/div>\n\t\t\t\t\t<\/div>\n\t\t<\/div>\n\t\t\t\t\t<\/div>\n\t\t<\/section>\n\t\t\t\t<\/div>\n\t\t","protected":false},"excerpt":{"rendered":"<p>XONE SUPRA Stehleuchte Artikel-Nr.: BEL.1600 Leuchtengeh\u00e4use Aluminium schwarz matt \u00e4hnlich RAL 7021 Artikel-Nr.: BEL.1601 Leuchtengeh\u00e4use Aluminium wei\u00df matt \u00e4hnlich RAL 9016 Artikel-Nr.: BEL.1602 Leuchtengeh\u00e4use Aluminium silbergrau, \u00e4hnlich RAL 9006 Funktionale, \u00e4sthetische Stehleuchte aus Aluminiumdruckguss, pulverbeschichtet Stufenlos getrennt Schalt- und dimmbar mit 2 Drehkn\u00f6pfen Direkt &#8211; und indirekt strahlend Farbtemperatur (4000K &#8211; neutralwei\u00df) Phillips SMD<\/p>\n","protected":false},"author":1,"featured_media":0,"parent":0,"menu_order":0,"comment_status":"closed","ping_status":"closed","template":"elementor_header_footer","meta":{"footnotes":""},"class_list":["post-2059","page","type-page","status-publish","hentry"],"_links":{"self":[{"href":"https:\/\/www.lightxone.de\/index.php\/wp-json\/wp\/v2\/pages\/2059","targetHints":{"allow":["GET"]}}],"collection":[{"href":"https:\/\/www.lightxone.de\/index.php\/wp-json\/wp\/v2\/pages"}],"about":[{"href":"https:\/\/www.lightxone.de\/index.php\/wp-json\/wp\/v2\/types\/page"}],"author":[{"embeddable":true,"href":"https:\/\/www.lightxone.de\/index.php\/wp-json\/wp\/v2\/users\/1"}],"replies":[{"embeddable":true,"href":"https:\/\/www.lightxone.de\/index.php\/wp-json\/wp\/v2\/comments?post=2059"}],"version-history":[{"count":17,"href":"https:\/\/www.lightxone.de\/index.php\/wp-json\/wp\/v2\/pages\/2059\/revisions"}],"predecessor-version":[{"id":2244,"href":"https:\/\/www.lightxone.de\/index.php\/wp-json\/wp\/v2\/pages\/2059\/revisions\/2244"}],"wp:attachment":[{"href":"https:\/\/www.lightxone.de\/index.php\/wp-json\/wp\/v2\/media?parent=2059"}],"curies":[{"name":"wp","href":"https:\/\/api.w.org\/{rel}","templated":true}]}}